{"id":88,"date":"2025-08-25T18:25:46","date_gmt":"2025-08-25T21:25:46","guid":{"rendered":"https:\/\/grupobooz.com.br\/cfb\/?page_id=88"},"modified":"2025-08-27T14:29:34","modified_gmt":"2025-08-27T17:29:34","slug":"comparativo-motores-de-busca","status":"publish","type":"page","link":"https:\/\/grupobooz.com.br\/analyst\/comparativo-motores-de-busca\/","title":{"rendered":"Comparativo motores de busca"},"content":{"rendered":"\t\t<div data-elementor-type=\"wp-page\" data-elementor-id=\"88\" class=\"elementor elementor-88\" data-elementor-post-type=\"page\">\n\t\t\t\t\t\t<section class=\"elementor-section elementor-top-section elementor-element elementor-element-25c3e54b elementor-section-height-min-height elementor-section-boxed elementor-section-height-default elementor-section-items-middle\" data-id=\"25c3e54b\" data-element_type=\"section\" data-e-type=\"section\" data-settings=\"{&quot;background_background&quot;:&quot;classic&quot;}\">\n\t\t\t\t\t\t\t<div class=\"elementor-background-overlay\"><\/div>\n\t\t\t\t\t\t\t<div class=\"elementor-container elementor-column-gap-default\">\n\t\t\t\t\t<div class=\"elementor-column elementor-col-100 elementor-top-column elementor-element elementor-element-6205ddc0\" data-id=\"6205ddc0\" data-element_type=\"column\" data-e-type=\"column\">\n\t\t\t<div class=\"elementor-widget-wrap elementor-element-populated\">\n\t\t\t\t\t\t<div class=\"elementor-element elementor-element-1d4926a4 de_scroll_animation_no elementor-invisible elementor-widget elementor-widget-heading\" data-id=\"1d4926a4\" data-element_type=\"widget\" data-e-type=\"widget\" data-settings=\"{&quot;_animation&quot;:&quot;fadeInUp&quot;}\" data-widget_type=\"heading.default\">\n\t\t\t\t\t<h2 class=\"elementor-heading-title elementor-size-default\">Comparativo T\u00e9cnico<\/h2>\t\t\t\t<\/div>\n\t\t\t\t<div class=\"elementor-element elementor-element-9484ccc elementor-icon-list--layout-inline elementor-align-center elementor-list-item-link-full_width de_scroll_animation_no elementor-invisible elementor-widget elementor-widget-icon-list\" data-id=\"9484ccc\" data-element_type=\"widget\" data-e-type=\"widget\" data-settings=\"{&quot;_animation&quot;:&quot;fadeInUp&quot;,&quot;_animation_delay&quot;:200}\" data-widget_type=\"icon-list.default\">\n\t\t\t\t\t\t\t<ul class=\"elementor-icon-list-items elementor-inline-items\">\n\t\t\t\t\t\t\t<li class=\"elementor-icon-list-item elementor-inline-item\">\n\t\t\t\t\t\t\t\t\t\t\t<a href=\"#\">\n\n\t\t\t\t\t\t\t\t\t\t\t<span class=\"elementor-icon-list-text\">Home<\/span>\n\t\t\t\t\t\t\t\t\t\t\t<\/a>\n\t\t\t\t\t\t\t\t\t<\/li>\n\t\t\t\t\t\t\t\t<li class=\"elementor-icon-list-item elementor-inline-item\">\n\t\t\t\t\t\t\t\t\t\t\t<span class=\"elementor-icon-list-icon\">\n\t\t\t\t\t\t\t<svg aria-hidden=\"true\" class=\"e-font-icon-svg e-fas-long-arrow-alt-right\" viewBox=\"0 0 448 512\" xmlns=\"http:\/\/www.w3.org\/2000\/svg\"><path d=\"M313.941 216H12c-6.627 0-12 5.373-12 12v56c0 6.627 5.373 12 12 12h301.941v46.059c0 21.382 25.851 32.09 40.971 16.971l86.059-86.059c9.373-9.373 9.373-24.569 0-33.941l-86.059-86.059c-15.119-15.119-40.971-4.411-40.971 16.971V216z\"><\/path><\/svg>\t\t\t\t\t\t<\/span>\n\t\t\t\t\t\t\t\t\t\t<span class=\"elementor-icon-list-text\">Comparativo T\u00e9cnico<\/span>\n\t\t\t\t\t\t\t\t\t<\/li>\n\t\t\t\t\t\t<\/ul>\n\t\t\t\t\t\t<\/div>\n\t\t\t\t\t<\/div>\n\t\t<\/div>\n\t\t\t\t\t<\/div>\n\t\t<\/section>\n\t\t\t\t<section class=\"elementor-section elementor-top-section elementor-element elementor-element-3b127f1 elementor-section-boxed elementor-section-height-default elementor-section-height-default\" data-id=\"3b127f1\" data-element_type=\"section\" data-e-type=\"section\" data-settings=\"{&quot;background_background&quot;:&quot;classic&quot;}\">\n\t\t\t\t\t\t<div class=\"elementor-container elementor-column-gap-default\">\n\t\t\t\t\t<div class=\"elementor-column elementor-col-100 elementor-top-column elementor-element elementor-element-69938b15\" data-id=\"69938b15\" data-element_type=\"column\" data-e-type=\"column\">\n\t\t\t<div class=\"elementor-widget-wrap elementor-element-populated\">\n\t\t\t\t\t\t<div class=\"elementor-element elementor-element-180f61ce elementor-widget__width-initial de_scroll_animation_no elementor-invisible elementor-widget elementor-widget-heading\" data-id=\"180f61ce\" data-element_type=\"widget\" data-e-type=\"widget\" data-settings=\"{&quot;_animation&quot;:&quot;fadeInUp&quot;}\" data-widget_type=\"heading.default\">\n\t\t\t\t\t<h2 class=\"elementor-heading-title elementor-size-default\"> T\u00e9cnica: CFB vs. Solu\u00e7\u00f5es Tradicionais<\/h2>\t\t\t\t<\/div>\n\t\t\t\t<div class=\"elementor-element elementor-element-34b5c19f de_scroll_animation_no elementor-invisible elementor-widget elementor-widget-text-editor\" data-id=\"34b5c19f\" data-element_type=\"widget\" data-e-type=\"widget\" data-settings=\"{&quot;_animation&quot;:&quot;fadeInUp&quot;,&quot;_animation_delay&quot;:200}\" data-widget_type=\"text-editor.default\">\n\t\t\t\t\t\t\t\t\t<p>Velocidade de segundos, flexibilidade total e um suporte que realmente te entende.<br \/>Tecnologia avan\u00e7ada com um toque humano \u2014 para transformar cr\u00e9dito em conex\u00e3o.<br \/><strong>Conhe\u00e7a como fazemos a diferen\u00e7a.<\/strong><\/p>\t\t\t\t\t\t\t\t<\/div>\n\t\t\t\t<div class=\"elementor-element elementor-element-98210e7 de_scroll_animation_no elementor-widget elementor-widget-Table\" data-id=\"98210e7\" data-element_type=\"widget\" data-e-type=\"widget\" data-widget_type=\"Table.default\">\n\t\t\t\t<div class=\"elementor-widget-container\">\n\t\t\t\t\t\t\t<table class=\"tafe-table \">\n\t\t\t<thead  class=\"tafe-table-header\">\n\t\t\t\t<tr>\n\t\t\t\t\t<th class=\"elementor-inline-editing elementor-repeater-item-c150b1c\"   >Aspecto<\/th><th class=\"elementor-inline-editing elementor-repeater-item-d18bca3\"   >Motor de Cr\u00e9dito\nCFB (Grupo\nBooz)<\/th><th class=\"elementor-inline-editing elementor-repeater-item-02a330b\"   >Outras solu\u00e7\u00f5es de\nmercado<\/th>\t\t\t\t<\/tr>\n\t\t\t<\/thead>\n\t\t\t\t\t\t<tbody class=\"tafe-table-body\">\n\t\t\t\t<tr>\n\t\t\t\t\t<td data-label=\"Aspecto\"   class=\"elementor-repeater-item-ca2fd15 td-content-type-default\" >Tempo de resposta<\/td><td data-label=\"Motor de Cr\u00e9dito\nCFB (Grupo\nBooz)\"   class=\"elementor-repeater-item-f17ea3a td-content-type-default\" >Parecer completo\nem segundos<\/td><td data-label=\"Outras solu\u00e7\u00f5es de\nmercado\"   class=\"elementor-repeater-item-593256d td-content-type-default\" >Varia de alguns minutos a\nhoras<\/td><\/tr><tr><td data-label=\"Aspecto\"   class=\"elementor-repeater-item-3877f2f td-content-type-default\" >Fontes de dados<\/td><td data-label=\"Motor de Cr\u00e9dito\nCFB (Grupo\nBooz)\"   class=\"elementor-repeater-item-a4ee8cd td-content-type-default\" >Amplia\u00e7\u00e3o al\u00e9m de\nbureaus\ntradicionais<\/td><td data-label=\"Outras solu\u00e7\u00f5es de\nmercado\"   class=\"elementor-repeater-item-52a3221 td-content-type-default\" >Principalmente dados de\ngrandes bureaus<\/td><\/tr><tr><td data-label=\"Aspecto\"   class=\"elementor-repeater-item-7350370 td-content-type-default\" >Customiza\u00e7\u00e3o de\nregras<\/td><td data-label=\"Motor de Cr\u00e9dito\nCFB (Grupo\nBooz)\"   class=\"elementor-repeater-item-3a4fb8e td-content-type-default\" >Totalmente flex\u00edvel\nde acordo com\npol\u00edtica do\ncliente<\/td><td data-label=\"Outras solu\u00e7\u00f5es de\nmercado\"   class=\"elementor-repeater-item-ebf1a72 td-content-type-default\" >Limitada, com menos\ncontrole sobre\npar\u00e2metros<\/td><\/tr><tr><td data-label=\"Aspecto\"   class=\"elementor-repeater-item-1a1c62a td-content-type-default\" >Integra\u00e7\u00e3o t\u00e9cnica\n(API)<\/td><td data-label=\"Motor de Cr\u00e9dito\nCFB (Grupo\nBooz)\"   class=\"elementor-repeater-item-d081881 td-content-type-default\" >APIs REST\nintegradas,\nconfigura\u00e7\u00f5es\najust\u00e1veis<\/td><td data-label=\"Outras solu\u00e7\u00f5es de\nmercado\"   class=\"elementor-repeater-item-f3161e9 td-content-type-default\" >Implementa\u00e7\u00f5es mais\nr\u00edgidas e menos\nflex\u00edveis<\/td><\/tr><tr><td data-label=\"Aspecto\"   class=\"elementor-repeater-item-70b0823 td-content-type-default\" >Predi\u00e7\u00e3o com IA\/ML<\/td><td data-label=\"Motor de Cr\u00e9dito\nCFB (Grupo\nBooz)\"   class=\"elementor-repeater-item-46f62c4 td-content-type-default\" >Integrada e\nadaptativa ao\nhist\u00f3rico do\ncliente<\/td><td data-label=\"Outras solu\u00e7\u00f5es de\nmercado\"   class=\"elementor-repeater-item-c951235 td-content-type-default\" >Em algumas solu\u00e7\u00f5es,\napenas regras\nest\u00e1ticas ou\nsemi-manual<\/td><\/tr><tr><td data-label=\"Aspecto\"   class=\"elementor-repeater-item-2b00d28 td-content-type-default\" >Suporte humano e\nhumaniza\u00e7\u00e3o<\/td><td data-label=\"Motor de Cr\u00e9dito\nCFB (Grupo\nBooz)\"   class=\"elementor-repeater-item-a484d87 td-content-type-default\" >Atendimento 100%\nhumanizado\ncom suporte\ndireto<\/td><td data-label=\"Outras solu\u00e7\u00f5es de\nmercado\"   class=\"elementor-repeater-item-e403d5c td-content-type-default\" >Menor proximidade,\nsuporte padronizado<\/td>\t\t\t\t<\/tr>\n\t\t\t<\/tbody>\n\t\t<\/table>\n\t\t\n\t\t\t\t\t\t<\/div>\n\t\t\t\t<\/div>\n\t\t\t\t\t<\/div>\n\t\t<\/div>\n\t\t\t\t\t<\/div>\n\t\t<\/section>\n\t\t<div class=\"elementor-element elementor-element-ad093ed e-flex e-con-boxed e-con e-parent\" data-id=\"ad093ed\" data-element_type=\"container\" data-e-type=\"container\">\n\t\t\t\t\t<div class=\"e-con-inner\">\n\t\t<div class=\"elementor-element elementor-element-a6e7c32 e-con-full e-flex e-con e-child\" data-id=\"a6e7c32\" data-element_type=\"container\" data-e-type=\"container\">\n\t\t<div class=\"elementor-element elementor-element-90f798a e-con-full e-flex e-con e-child\" data-id=\"90f798a\" data-element_type=\"container\" data-e-type=\"container\" data-settings=\"{&quot;background_background&quot;:&quot;classic&quot;}\">\n\t\t\t\t<div class=\"elementor-element elementor-element-63d06b5 de_scroll_animation_no elementor-widget elementor-widget-heading\" data-id=\"63d06b5\" data-element_type=\"widget\" data-e-type=\"widget\" data-widget_type=\"heading.default\">\n\t\t\t\t\t<h2 class=\"elementor-heading-title elementor-size-default\">Teste agora<\/h2>\t\t\t\t<\/div>\n\t\t\t\t<div class=\"elementor-element elementor-element-660eb32 elementor-widget__width-initial de_scroll_animation_no elementor-widget elementor-widget-text-editor\" data-id=\"660eb32\" data-element_type=\"widget\" data-e-type=\"widget\" data-widget_type=\"text-editor.default\">\n\t\t\t\t\t\t\t\t\tPronto para transformar cr\u00e9dito com agilidade e humanidade? Vamos conversar.\t\t\t\t\t\t\t\t<\/div>\n\t\t\t\t<div class=\"elementor-element elementor-element-7b9694f de_scroll_animation_no elementor-widget elementor-widget-button\" data-id=\"7b9694f\" data-element_type=\"widget\" data-e-type=\"widget\" data-widget_type=\"button.default\">\n\t\t\t\t\t\t\t\t\t\t<a class=\"elementor-button elementor-button-link elementor-size-sm\" href=\"#\">\n\t\t\t\t\t\t<span class=\"elementor-button-content-wrapper\">\n\t\t\t\t\t\t\t\t\t<span class=\"elementor-button-text\">Transforme suas decis\u00f5es hoje<\/span>\n\t\t\t\t\t<\/span>\n\t\t\t\t\t<\/a>\n\t\t\t\t\t\t\t\t<\/div>\n\t\t\t\t<\/div>\n\t\t<div class=\"elementor-element elementor-element-c85ae10 e-con-full e-flex e-con e-child\" data-id=\"c85ae10\" data-element_type=\"container\" data-e-type=\"container\" data-settings=\"{&quot;background_background&quot;:&quot;classic&quot;}\">\n\t\t\t\t<div class=\"elementor-element elementor-element-27a6cfa de_scroll_animation_no elementor-widget elementor-widget-image\" data-id=\"27a6cfa\" data-element_type=\"widget\" data-e-type=\"widget\" data-widget_type=\"image.default\">\n\t\t\t\t\t\t\t\t\t\t\t\t\t\t\t<img fetchpriority=\"high\" decoding=\"async\" width=\"800\" height=\"534\" src=\"https:\/\/grupobooz.com.br\/analyst\/wp-content\/uploads\/sites\/2\/2025\/08\/placeholder-1-1024x683.png\" class=\"attachment-large size-large wp-image-22\" alt=\"\" srcset=\"https:\/\/grupobooz.com.br\/analyst\/wp-content\/uploads\/sites\/2\/2025\/08\/placeholder-1-1024x683.png 1024w, https:\/\/grupobooz.com.br\/analyst\/wp-content\/uploads\/sites\/2\/2025\/08\/placeholder-1-300x200.png 300w, https:\/\/grupobooz.com.br\/analyst\/wp-content\/uploads\/sites\/2\/2025\/08\/placeholder-1-768x512.png 768w, https:\/\/grupobooz.com.br\/analyst\/wp-content\/uploads\/sites\/2\/2025\/08\/placeholder-1.png 1200w\" sizes=\"(max-width: 800px) 100vw, 800px\" \/>\t\t\t\t\t\t\t\t\t\t\t\t\t\t\t<\/div>\n\t\t\t\t<\/div>\n\t\t\t\t<\/div>\n\t\t\t\t\t<\/div>\n\t\t\t\t<\/div>\n\t\t\t\t<\/div>\n\t\t","protected":false},"excerpt":{"rendered":"<p>Comparativo T\u00e9cnico Home Comparativo T\u00e9cnico T\u00e9cnica: CFB vs. Solu\u00e7\u00f5es Tradicionais Velocidade de segundos, flexibilidade total e um suporte que realmente te entende.Tecnologia avan\u00e7ada com um toque humano \u2014 para transformar cr\u00e9dito em conex\u00e3o.Conhe\u00e7a como fazemos a diferen\u00e7a. Aspecto Motor de Cr\u00e9dito CFB (Grupo Booz) Outras solu\u00e7\u00f5es de mercado Tempo de resposta Parecer completo em segundos [&hellip;]<\/p>\n","protected":false},"author":1,"featured_media":0,"parent":0,"menu_order":0,"comment_status":"closed","ping_status":"closed","template":"","meta":{"footnotes":""},"class_list":["post-88","page","type-page","status-publish","hentry"],"yoast_head":"<!-- This site is optimized with the Yoast SEO plugin v27.4 - https:\/\/yoast.com\/product\/yoast-seo-wordpress\/ -->\n<title>Comparativo motores de busca - Booz Analyst<\/title>\n<meta name=\"robots\" content=\"index, follow, max-snippet:-1, max-image-preview:large, max-video-preview:-1\" \/>\n<link rel=\"canonical\" href=\"https:\/\/grupobooz.com.br\/analyst\/comparativo-motores-de-busca\/\" \/>\n<meta property=\"og:locale\" content=\"pt_BR\" \/>\n<meta property=\"og:type\" content=\"article\" \/>\n<meta property=\"og:title\" content=\"Comparativo motores de busca - Booz Analyst\" \/>\n<meta property=\"og:description\" content=\"Comparativo T\u00e9cnico Home Comparativo T\u00e9cnico T\u00e9cnica: CFB vs. Solu\u00e7\u00f5es Tradicionais Velocidade de segundos, flexibilidade total e um suporte que realmente te entende.Tecnologia avan\u00e7ada com um toque humano \u2014 para transformar cr\u00e9dito em conex\u00e3o.Conhe\u00e7a como fazemos a diferen\u00e7a. Aspecto Motor de Cr\u00e9dito CFB (Grupo Booz) Outras solu\u00e7\u00f5es de mercado Tempo de resposta Parecer completo em segundos [&hellip;]\" \/>\n<meta property=\"og:url\" content=\"https:\/\/grupobooz.com.br\/analyst\/comparativo-motores-de-busca\/\" \/>\n<meta property=\"og:site_name\" content=\"Booz Analyst\" \/>\n<meta property=\"article:modified_time\" content=\"2025-08-27T17:29:34+00:00\" \/>\n<meta property=\"og:image\" content=\"https:\/\/grupobooz.com.br\/cfb\/wp-content\/uploads\/sites\/2\/2025\/08\/placeholder-1-1024x683.png\" \/>\n<meta name=\"twitter:card\" content=\"summary_large_image\" \/>\n<meta name=\"twitter:label1\" content=\"Est. tempo de leitura\" \/>\n\t<meta name=\"twitter:data1\" content=\"1 minuto\" \/>\n<script type=\"application\/ld+json\" class=\"yoast-schema-graph\">{\"@context\":\"https:\\\/\\\/schema.org\",\"@graph\":[{\"@type\":\"WebPage\",\"@id\":\"https:\\\/\\\/grupobooz.com.br\\\/analyst\\\/comparativo-motores-de-busca\\\/\",\"url\":\"https:\\\/\\\/grupobooz.com.br\\\/analyst\\\/comparativo-motores-de-busca\\\/\",\"name\":\"Comparativo motores de busca - Booz Analyst\",\"isPartOf\":{\"@id\":\"https:\\\/\\\/grupobooz.com.br\\\/analyst\\\/#website\"},\"primaryImageOfPage\":{\"@id\":\"https:\\\/\\\/grupobooz.com.br\\\/analyst\\\/comparativo-motores-de-busca\\\/#primaryimage\"},\"image\":{\"@id\":\"https:\\\/\\\/grupobooz.com.br\\\/analyst\\\/comparativo-motores-de-busca\\\/#primaryimage\"},\"thumbnailUrl\":\"https:\\\/\\\/grupobooz.com.br\\\/cfb\\\/wp-content\\\/uploads\\\/sites\\\/2\\\/2025\\\/08\\\/placeholder-1-1024x683.png\",\"datePublished\":\"2025-08-25T21:25:46+00:00\",\"dateModified\":\"2025-08-27T17:29:34+00:00\",\"breadcrumb\":{\"@id\":\"https:\\\/\\\/grupobooz.com.br\\\/analyst\\\/comparativo-motores-de-busca\\\/#breadcrumb\"},\"inLanguage\":\"pt-BR\",\"potentialAction\":[{\"@type\":\"ReadAction\",\"target\":[\"https:\\\/\\\/grupobooz.com.br\\\/analyst\\\/comparativo-motores-de-busca\\\/\"]}]},{\"@type\":\"ImageObject\",\"inLanguage\":\"pt-BR\",\"@id\":\"https:\\\/\\\/grupobooz.com.br\\\/analyst\\\/comparativo-motores-de-busca\\\/#primaryimage\",\"url\":\"https:\\\/\\\/grupobooz.com.br\\\/cfb\\\/wp-content\\\/uploads\\\/sites\\\/2\\\/2025\\\/08\\\/placeholder-1-1024x683.png\",\"contentUrl\":\"https:\\\/\\\/grupobooz.com.br\\\/cfb\\\/wp-content\\\/uploads\\\/sites\\\/2\\\/2025\\\/08\\\/placeholder-1-1024x683.png\"},{\"@type\":\"BreadcrumbList\",\"@id\":\"https:\\\/\\\/grupobooz.com.br\\\/analyst\\\/comparativo-motores-de-busca\\\/#breadcrumb\",\"itemListElement\":[{\"@type\":\"ListItem\",\"position\":1,\"name\":\"In\u00edcio\",\"item\":\"https:\\\/\\\/grupobooz.com.br\\\/analyst\\\/\"},{\"@type\":\"ListItem\",\"position\":2,\"name\":\"Comparativo motores de busca\"}]},{\"@type\":\"WebSite\",\"@id\":\"https:\\\/\\\/grupobooz.com.br\\\/analyst\\\/#website\",\"url\":\"https:\\\/\\\/grupobooz.com.br\\\/analyst\\\/\",\"name\":\"Booz Analyst\",\"description\":\"O analista digital de cr\u00e9dito da Booz\u00ae\",\"publisher\":{\"@id\":\"https:\\\/\\\/grupobooz.com.br\\\/analyst\\\/#organization\"},\"potentialAction\":[{\"@type\":\"SearchAction\",\"target\":{\"@type\":\"EntryPoint\",\"urlTemplate\":\"https:\\\/\\\/grupobooz.com.br\\\/analyst\\\/?s={search_term_string}\"},\"query-input\":{\"@type\":\"PropertyValueSpecification\",\"valueRequired\":true,\"valueName\":\"search_term_string\"}}],\"inLanguage\":\"pt-BR\"},{\"@type\":\"Organization\",\"@id\":\"https:\\\/\\\/grupobooz.com.br\\\/analyst\\\/#organization\",\"name\":\"Booz Analyst\",\"url\":\"https:\\\/\\\/grupobooz.com.br\\\/analyst\\\/\",\"logo\":{\"@type\":\"ImageObject\",\"inLanguage\":\"pt-BR\",\"@id\":\"https:\\\/\\\/grupobooz.com.br\\\/analyst\\\/#\\\/schema\\\/logo\\\/image\\\/\",\"url\":\"https:\\\/\\\/grupobooz.com.br\\\/analyst\\\/wp-content\\\/uploads\\\/sites\\\/2\\\/2025\\\/12\\\/Grupo_booz_logo_verdeescuro-2.png\",\"contentUrl\":\"https:\\\/\\\/grupobooz.com.br\\\/analyst\\\/wp-content\\\/uploads\\\/sites\\\/2\\\/2025\\\/12\\\/Grupo_booz_logo_verdeescuro-2.png\",\"width\":869,\"height\":293,\"caption\":\"Booz Analyst\"},\"image\":{\"@id\":\"https:\\\/\\\/grupobooz.com.br\\\/analyst\\\/#\\\/schema\\\/logo\\\/image\\\/\"}}]}<\/script>\n<!-- \/ Yoast SEO plugin. -->","yoast_head_json":{"title":"Comparativo motores de busca - Booz Analyst","robots":{"index":"index","follow":"follow","max-snippet":"max-snippet:-1","max-image-preview":"max-image-preview:large","max-video-preview":"max-video-preview:-1"},"canonical":"https:\/\/grupobooz.com.br\/analyst\/comparativo-motores-de-busca\/","og_locale":"pt_BR","og_type":"article","og_title":"Comparativo motores de busca - Booz Analyst","og_description":"Comparativo T\u00e9cnico Home Comparativo T\u00e9cnico T\u00e9cnica: CFB vs. Solu\u00e7\u00f5es Tradicionais Velocidade de segundos, flexibilidade total e um suporte que realmente te entende.Tecnologia avan\u00e7ada com um toque humano \u2014 para transformar cr\u00e9dito em conex\u00e3o.Conhe\u00e7a como fazemos a diferen\u00e7a. Aspecto Motor de Cr\u00e9dito CFB (Grupo Booz) Outras solu\u00e7\u00f5es de mercado Tempo de resposta Parecer completo em segundos [&hellip;]","og_url":"https:\/\/grupobooz.com.br\/analyst\/comparativo-motores-de-busca\/","og_site_name":"Booz Analyst","article_modified_time":"2025-08-27T17:29:34+00:00","og_image":[{"url":"https:\/\/grupobooz.com.br\/cfb\/wp-content\/uploads\/sites\/2\/2025\/08\/placeholder-1-1024x683.png","type":"","width":"","height":""}],"twitter_card":"summary_large_image","twitter_misc":{"Est. tempo de leitura":"1 minuto"},"schema":{"@context":"https:\/\/schema.org","@graph":[{"@type":"WebPage","@id":"https:\/\/grupobooz.com.br\/analyst\/comparativo-motores-de-busca\/","url":"https:\/\/grupobooz.com.br\/analyst\/comparativo-motores-de-busca\/","name":"Comparativo motores de busca - Booz Analyst","isPartOf":{"@id":"https:\/\/grupobooz.com.br\/analyst\/#website"},"primaryImageOfPage":{"@id":"https:\/\/grupobooz.com.br\/analyst\/comparativo-motores-de-busca\/#primaryimage"},"image":{"@id":"https:\/\/grupobooz.com.br\/analyst\/comparativo-motores-de-busca\/#primaryimage"},"thumbnailUrl":"https:\/\/grupobooz.com.br\/cfb\/wp-content\/uploads\/sites\/2\/2025\/08\/placeholder-1-1024x683.png","datePublished":"2025-08-25T21:25:46+00:00","dateModified":"2025-08-27T17:29:34+00:00","breadcrumb":{"@id":"https:\/\/grupobooz.com.br\/analyst\/comparativo-motores-de-busca\/#breadcrumb"},"inLanguage":"pt-BR","potentialAction":[{"@type":"ReadAction","target":["https:\/\/grupobooz.com.br\/analyst\/comparativo-motores-de-busca\/"]}]},{"@type":"ImageObject","inLanguage":"pt-BR","@id":"https:\/\/grupobooz.com.br\/analyst\/comparativo-motores-de-busca\/#primaryimage","url":"https:\/\/grupobooz.com.br\/cfb\/wp-content\/uploads\/sites\/2\/2025\/08\/placeholder-1-1024x683.png","contentUrl":"https:\/\/grupobooz.com.br\/cfb\/wp-content\/uploads\/sites\/2\/2025\/08\/placeholder-1-1024x683.png"},{"@type":"BreadcrumbList","@id":"https:\/\/grupobooz.com.br\/analyst\/comparativo-motores-de-busca\/#breadcrumb","itemListElement":[{"@type":"ListItem","position":1,"name":"In\u00edcio","item":"https:\/\/grupobooz.com.br\/analyst\/"},{"@type":"ListItem","position":2,"name":"Comparativo motores de busca"}]},{"@type":"WebSite","@id":"https:\/\/grupobooz.com.br\/analyst\/#website","url":"https:\/\/grupobooz.com.br\/analyst\/","name":"Booz Analyst","description":"O analista digital de cr\u00e9dito da Booz\u00ae","publisher":{"@id":"https:\/\/grupobooz.com.br\/analyst\/#organization"},"potentialAction":[{"@type":"SearchAction","target":{"@type":"EntryPoint","urlTemplate":"https:\/\/grupobooz.com.br\/analyst\/?s={search_term_string}"},"query-input":{"@type":"PropertyValueSpecification","valueRequired":true,"valueName":"search_term_string"}}],"inLanguage":"pt-BR"},{"@type":"Organization","@id":"https:\/\/grupobooz.com.br\/analyst\/#organization","name":"Booz Analyst","url":"https:\/\/grupobooz.com.br\/analyst\/","logo":{"@type":"ImageObject","inLanguage":"pt-BR","@id":"https:\/\/grupobooz.com.br\/analyst\/#\/schema\/logo\/image\/","url":"https:\/\/grupobooz.com.br\/analyst\/wp-content\/uploads\/sites\/2\/2025\/12\/Grupo_booz_logo_verdeescuro-2.png","contentUrl":"https:\/\/grupobooz.com.br\/analyst\/wp-content\/uploads\/sites\/2\/2025\/12\/Grupo_booz_logo_verdeescuro-2.png","width":869,"height":293,"caption":"Booz Analyst"},"image":{"@id":"https:\/\/grupobooz.com.br\/analyst\/#\/schema\/logo\/image\/"}}]}},"_links":{"self":[{"href":"https:\/\/grupobooz.com.br\/analyst\/wp-json\/wp\/v2\/pages\/88","targetHints":{"allow":["GET"]}}],"collection":[{"href":"https:\/\/grupobooz.com.br\/analyst\/wp-json\/wp\/v2\/pages"}],"about":[{"href":"https:\/\/grupobooz.com.br\/analyst\/wp-json\/wp\/v2\/types\/page"}],"author":[{"embeddable":true,"href":"https:\/\/grupobooz.com.br\/analyst\/wp-json\/wp\/v2\/users\/1"}],"replies":[{"embeddable":true,"href":"https:\/\/grupobooz.com.br\/analyst\/wp-json\/wp\/v2\/comments?post=88"}],"version-history":[{"count":19,"href":"https:\/\/grupobooz.com.br\/analyst\/wp-json\/wp\/v2\/pages\/88\/revisions"}],"predecessor-version":[{"id":1723,"href":"https:\/\/grupobooz.com.br\/analyst\/wp-json\/wp\/v2\/pages\/88\/revisions\/1723"}],"wp:attachment":[{"href":"https:\/\/grupobooz.com.br\/analyst\/wp-json\/wp\/v2\/media?parent=88"}],"curies":[{"name":"wp","href":"https:\/\/api.w.org\/{rel}","templated":true}]}}